{"id":22,"date":"2023-08-28T14:26:36","date_gmt":"2023-08-28T12:26:36","guid":{"rendered":"https:\/\/elvinoisejudo.com\/?page_id=22"},"modified":"2025-10-07T21:58:31","modified_gmt":"2025-10-07T19:58:31","slug":"le-jag","status":"publish","type":"page","link":"https:\/\/elvinoisejudo.com\/index.php\/le-jag\/","title":{"rendered":"Comp\u00e9tition et judo sportif"},"content":{"rendered":"\n<h3 class=\"wp-block-heading\">Calendrier des entra\u00eenements &#8211; saison 2025-2026<\/h3>\n\n\n\n<h3 class=\"wp-block-heading\">Calendrier des comp\u00e9titions 2025-2026<\/h3>\n\n\n\n<h3 class=\"wp-block-heading\">Le Judo Argo\u00ebt Golfe<\/h3>\n\n\n\n<p>Le Judo Argo\u00ebt Golfe est un regroupement de 4 clubs de la r\u00e9gion de Vannes, s&#8217;adressant aux adh\u00e9rents comp\u00e9titeurs ! <br>Ouvert \u00e0 partir des benjamins, il regroupe toutes les tranches d&#8217;\u00e2ge \u00e0 partir de 10 ans.<br>Les entra\u00eenements ont lieu alternativement dans les dojos de S\u00e9n\u00e9, Vannes UCK-Nef, Saint-Av\u00e9 et Elven.<\/p>\n\n\n\n<h3 class=\"wp-block-heading\"><\/h3>\n\n\n\n<p><\/p>\n","protected":false},"excerpt":{"rendered":"<p>Calendrier des entra\u00eenements &#8211; saison 2025-2026 Calendrier des comp\u00e9titions 2025-2026 Le Judo Argo\u00ebt Golfe Le Judo Argo\u00ebt Golfe est un regroupement de 4 clubs de la r\u00e9gion de Vannes, s&#8217;adressant aux adh\u00e9rents comp\u00e9titeurs ! Ouvert \u00e0 partir des benjamins, il regroupe toutes les tranches d&#8217;\u00e2ge \u00e0 partir de 10 ans.Les entra\u00eenements ont lieu alternativement dans&hellip;&nbsp;<a href=\"https:\/\/elvinoisejudo.com\/index.php\/le-jag\/\" rel=\"bookmark\">Read More &raquo;<span class=\"screen-reader-text\">Comp\u00e9tition et judo sportif<\/span><\/a><\/p>\n","protected":false},"author":2,"featured_media":67,"parent":0,"menu_order":0,"comment_status":"closed","ping_status":"closed","template":"","meta":{"neve_meta_sidebar":"","neve_meta_container":"contained","neve_meta_enable_content_width":"","neve_meta_content_width":0,"neve_meta_title_alignment":"","neve_meta_author_avatar":"","neve_post_elements_order":"","neve_meta_disable_header":"","neve_meta_disable_footer":"","neve_meta_disable_title":"","footnotes":""},"class_list":["post-22","page","type-page","status-publish","has-post-thumbnail","hentry"],"yoast_head":"<!-- This site is optimized with the Yoast SEO plugin v25.7 - https:\/\/yoast.com\/wordpress\/plugins\/seo\/ -->\n<title>Comp\u00e9tition et judo sportif - ELVINOISE JUDO<\/title>\n<meta name=\"robots\" content=\"index, follow, max-snippet:-1, max-image-preview:large, max-video-preview:-1\" \/>\n<link rel=\"canonical\" href=\"https:\/\/elvinoisejudo.com\/index.php\/le-jag\/\" \/>\n<meta property=\"og:locale\" content=\"en_US\" \/>\n<meta property=\"og:type\" content=\"article\" \/>\n<meta property=\"og:title\" content=\"Comp\u00e9tition et judo sportif - ELVINOISE JUDO\" \/>\n<meta property=\"og:description\" content=\"Calendrier des entra\u00eenements &#8211; saison 2025-2026 Calendrier des comp\u00e9titions 2025-2026 Le Judo Argo\u00ebt Golfe Le Judo Argo\u00ebt Golfe est un regroupement de 4 clubs de la r\u00e9gion de Vannes, s&#8217;adressant aux adh\u00e9rents comp\u00e9titeurs ! Ouvert \u00e0 partir des benjamins, il regroupe toutes les tranches d&#8217;\u00e2ge \u00e0 partir de 10 ans.Les entra\u00eenements ont lieu alternativement dans&hellip;&nbsp;Read More &raquo;Comp\u00e9tition et judo sportif\" \/>\n<meta property=\"og:url\" content=\"https:\/\/elvinoisejudo.com\/index.php\/le-jag\/\" \/>\n<meta property=\"og:site_name\" content=\"ELVINOISE JUDO\" \/>\n<meta property=\"article:modified_time\" content=\"2025-10-07T19:58:31+00:00\" \/>\n<meta property=\"og:image\" content=\"http:\/\/elvinoisejudo.com\/wp-content\/uploads\/2023\/08\/entrainement-tournoi-vet-scaled.jpg\" \/>\n\t<meta property=\"og:image:width\" content=\"2560\" \/>\n\t<meta property=\"og:image:height\" content=\"1181\" \/>\n\t<meta property=\"og:image:type\" content=\"image\/jpeg\" \/>\n<meta name=\"twitter:card\" content=\"summary_large_image\" \/>\n<meta name=\"twitter:label1\" content=\"Est. reading time\" \/>\n\t<meta name=\"twitter:data1\" content=\"1 minute\" \/>\n<script type=\"application\/ld+json\" class=\"yoast-schema-graph\">{\"@context\":\"https:\/\/schema.org\",\"@graph\":[{\"@type\":\"WebPage\",\"@id\":\"https:\/\/elvinoisejudo.com\/index.php\/le-jag\/\",\"url\":\"https:\/\/elvinoisejudo.com\/index.php\/le-jag\/\",\"name\":\"Comp\u00e9tition et judo sportif - ELVINOISE JUDO\",\"isPartOf\":{\"@id\":\"https:\/\/elvinoisejudo.com\/#website\"},\"primaryImageOfPage\":{\"@id\":\"https:\/\/elvinoisejudo.com\/index.php\/le-jag\/#primaryimage\"},\"image\":{\"@id\":\"https:\/\/elvinoisejudo.com\/index.php\/le-jag\/#primaryimage\"},\"thumbnailUrl\":\"https:\/\/elvinoisejudo.com\/wp-content\/uploads\/2023\/08\/entrainement-tournoi-vet-scaled.jpg\",\"datePublished\":\"2023-08-28T12:26:36+00:00\",\"dateModified\":\"2025-10-07T19:58:31+00:00\",\"breadcrumb\":{\"@id\":\"https:\/\/elvinoisejudo.com\/index.php\/le-jag\/#breadcrumb\"},\"inLanguage\":\"en-US\",\"potentialAction\":[{\"@type\":\"ReadAction\",\"target\":[\"https:\/\/elvinoisejudo.com\/index.php\/le-jag\/\"]}]},{\"@type\":\"ImageObject\",\"inLanguage\":\"en-US\",\"@id\":\"https:\/\/elvinoisejudo.com\/index.php\/le-jag\/#primaryimage\",\"url\":\"https:\/\/elvinoisejudo.com\/wp-content\/uploads\/2023\/08\/entrainement-tournoi-vet-scaled.jpg\",\"contentUrl\":\"https:\/\/elvinoisejudo.com\/wp-content\/uploads\/2023\/08\/entrainement-tournoi-vet-scaled.jpg\",\"width\":2560,\"height\":1181,\"caption\":\"entra\u00eenement judo comp\u00e9tition\"},{\"@type\":\"BreadcrumbList\",\"@id\":\"https:\/\/elvinoisejudo.com\/index.php\/le-jag\/#breadcrumb\",\"itemListElement\":[{\"@type\":\"ListItem\",\"position\":1,\"name\":\"Accueil\",\"item\":\"https:\/\/elvinoisejudo.com\/\"},{\"@type\":\"ListItem\",\"position\":2,\"name\":\"Comp\u00e9tition et judo sportif\"}]},{\"@type\":\"WebSite\",\"@id\":\"https:\/\/elvinoisejudo.com\/#website\",\"url\":\"https:\/\/elvinoisejudo.com\/\",\"name\":\"ELVINOISE JUDO\",\"description\":\"Club de judo et de ta\u00efso - Elven  (Morbihan)\",\"publisher\":{\"@id\":\"https:\/\/elvinoisejudo.com\/#organization\"},\"potentialAction\":[{\"@type\":\"SearchAction\",\"target\":{\"@type\":\"EntryPoint\",\"urlTemplate\":\"https:\/\/elvinoisejudo.com\/?s={search_term_string}\"},\"query-input\":{\"@type\":\"PropertyValueSpecification\",\"valueRequired\":true,\"valueName\":\"search_term_string\"}}],\"inLanguage\":\"en-US\"},{\"@type\":\"Organization\",\"@id\":\"https:\/\/elvinoisejudo.com\/#organization\",\"name\":\"ELVINOISE JUDO\",\"url\":\"https:\/\/elvinoisejudo.com\/\",\"logo\":{\"@type\":\"ImageObject\",\"inLanguage\":\"en-US\",\"@id\":\"https:\/\/elvinoisejudo.com\/#\/schema\/logo\/image\/\",\"url\":\"https:\/\/elvinoisejudo.com\/wp-content\/uploads\/2023\/08\/cropped-Capture-decran-2023-08-28-a-14.35.31.jpg\",\"contentUrl\":\"https:\/\/elvinoisejudo.com\/wp-content\/uploads\/2023\/08\/cropped-Capture-decran-2023-08-28-a-14.35.31.jpg\",\"width\":200,\"height\":158,\"caption\":\"ELVINOISE JUDO\"},\"image\":{\"@id\":\"https:\/\/elvinoisejudo.com\/#\/schema\/logo\/image\/\"}}]}<\/script>\n<!-- \/ Yoast SEO plugin. -->","yoast_head_json":{"title":"Comp\u00e9tition et judo sportif - ELVINOISE JUDO","robots":{"index":"index","follow":"follow","max-snippet":"max-snippet:-1","max-image-preview":"max-image-preview:large","max-video-preview":"max-video-preview:-1"},"canonical":"https:\/\/elvinoisejudo.com\/index.php\/le-jag\/","og_locale":"en_US","og_type":"article","og_title":"Comp\u00e9tition et judo sportif - ELVINOISE JUDO","og_description":"Calendrier des entra\u00eenements &#8211; saison 2025-2026 Calendrier des comp\u00e9titions 2025-2026 Le Judo Argo\u00ebt Golfe Le Judo Argo\u00ebt Golfe est un regroupement de 4 clubs de la r\u00e9gion de Vannes, s&#8217;adressant aux adh\u00e9rents comp\u00e9titeurs ! Ouvert \u00e0 partir des benjamins, il regroupe toutes les tranches d&#8217;\u00e2ge \u00e0 partir de 10 ans.Les entra\u00eenements ont lieu alternativement dans&hellip;&nbsp;Read More &raquo;Comp\u00e9tition et judo sportif","og_url":"https:\/\/elvinoisejudo.com\/index.php\/le-jag\/","og_site_name":"ELVINOISE JUDO","article_modified_time":"2025-10-07T19:58:31+00:00","og_image":[{"width":2560,"height":1181,"url":"http:\/\/elvinoisejudo.com\/wp-content\/uploads\/2023\/08\/entrainement-tournoi-vet-scaled.jpg","type":"image\/jpeg"}],"twitter_card":"summary_large_image","twitter_misc":{"Est. reading time":"1 minute"},"schema":{"@context":"https:\/\/schema.org","@graph":[{"@type":"WebPage","@id":"https:\/\/elvinoisejudo.com\/index.php\/le-jag\/","url":"https:\/\/elvinoisejudo.com\/index.php\/le-jag\/","name":"Comp\u00e9tition et judo sportif - ELVINOISE JUDO","isPartOf":{"@id":"https:\/\/elvinoisejudo.com\/#website"},"primaryImageOfPage":{"@id":"https:\/\/elvinoisejudo.com\/index.php\/le-jag\/#primaryimage"},"image":{"@id":"https:\/\/elvinoisejudo.com\/index.php\/le-jag\/#primaryimage"},"thumbnailUrl":"https:\/\/elvinoisejudo.com\/wp-content\/uploads\/2023\/08\/entrainement-tournoi-vet-scaled.jpg","datePublished":"2023-08-28T12:26:36+00:00","dateModified":"2025-10-07T19:58:31+00:00","breadcrumb":{"@id":"https:\/\/elvinoisejudo.com\/index.php\/le-jag\/#breadcrumb"},"inLanguage":"en-US","potentialAction":[{"@type":"ReadAction","target":["https:\/\/elvinoisejudo.com\/index.php\/le-jag\/"]}]},{"@type":"ImageObject","inLanguage":"en-US","@id":"https:\/\/elvinoisejudo.com\/index.php\/le-jag\/#primaryimage","url":"https:\/\/elvinoisejudo.com\/wp-content\/uploads\/2023\/08\/entrainement-tournoi-vet-scaled.jpg","contentUrl":"https:\/\/elvinoisejudo.com\/wp-content\/uploads\/2023\/08\/entrainement-tournoi-vet-scaled.jpg","width":2560,"height":1181,"caption":"entra\u00eenement judo comp\u00e9tition"},{"@type":"BreadcrumbList","@id":"https:\/\/elvinoisejudo.com\/index.php\/le-jag\/#breadcrumb","itemListElement":[{"@type":"ListItem","position":1,"name":"Accueil","item":"https:\/\/elvinoisejudo.com\/"},{"@type":"ListItem","position":2,"name":"Comp\u00e9tition et judo sportif"}]},{"@type":"WebSite","@id":"https:\/\/elvinoisejudo.com\/#website","url":"https:\/\/elvinoisejudo.com\/","name":"ELVINOISE JUDO","description":"Club de judo et de ta\u00efso - Elven  (Morbihan)","publisher":{"@id":"https:\/\/elvinoisejudo.com\/#organization"},"potentialAction":[{"@type":"SearchAction","target":{"@type":"EntryPoint","urlTemplate":"https:\/\/elvinoisejudo.com\/?s={search_term_string}"},"query-input":{"@type":"PropertyValueSpecification","valueRequired":true,"valueName":"search_term_string"}}],"inLanguage":"en-US"},{"@type":"Organization","@id":"https:\/\/elvinoisejudo.com\/#organization","name":"ELVINOISE JUDO","url":"https:\/\/elvinoisejudo.com\/","logo":{"@type":"ImageObject","inLanguage":"en-US","@id":"https:\/\/elvinoisejudo.com\/#\/schema\/logo\/image\/","url":"https:\/\/elvinoisejudo.com\/wp-content\/uploads\/2023\/08\/cropped-Capture-decran-2023-08-28-a-14.35.31.jpg","contentUrl":"https:\/\/elvinoisejudo.com\/wp-content\/uploads\/2023\/08\/cropped-Capture-decran-2023-08-28-a-14.35.31.jpg","width":200,"height":158,"caption":"ELVINOISE JUDO"},"image":{"@id":"https:\/\/elvinoisejudo.com\/#\/schema\/logo\/image\/"}}]}},"_links":{"self":[{"href":"https:\/\/elvinoisejudo.com\/index.php\/wp-json\/wp\/v2\/pages\/22","targetHints":{"allow":["GET"]}}],"collection":[{"href":"https:\/\/elvinoisejudo.com\/index.php\/wp-json\/wp\/v2\/pages"}],"about":[{"href":"https:\/\/elvinoisejudo.com\/index.php\/wp-json\/wp\/v2\/types\/page"}],"author":[{"embeddable":true,"href":"https:\/\/elvinoisejudo.com\/index.php\/wp-json\/wp\/v2\/users\/2"}],"replies":[{"embeddable":true,"href":"https:\/\/elvinoisejudo.com\/index.php\/wp-json\/wp\/v2\/comments?post=22"}],"version-history":[{"count":4,"href":"https:\/\/elvinoisejudo.com\/index.php\/wp-json\/wp\/v2\/pages\/22\/revisions"}],"predecessor-version":[{"id":164,"href":"https:\/\/elvinoisejudo.com\/index.php\/wp-json\/wp\/v2\/pages\/22\/revisions\/164"}],"wp:featuredmedia":[{"embeddable":true,"href":"https:\/\/elvinoisejudo.com\/index.php\/wp-json\/wp\/v2\/media\/67"}],"wp:attachment":[{"href":"https:\/\/elvinoisejudo.com\/index.php\/wp-json\/wp\/v2\/media?parent=22"}],"curies":[{"name":"wp","href":"https:\/\/api.w.org\/{rel}","templated":true}]}}