{"id":2,"date":"2023-08-24T11:19:38","date_gmt":"2023-08-24T09:19:38","guid":{"rendered":"http:\/\/elvinoisejudo.com\/?page_id=2"},"modified":"2025-08-27T22:10:58","modified_gmt":"2025-08-27T20:10:58","slug":"page-d-exemple","status":"publish","type":"page","link":"https:\/\/elvinoisejudo.com\/","title":{"rendered":"Accueil"},"content":{"rendered":"\n<p>Bienvenue sur le site internet du Club Elvinoise judo.<br>Le club propose des cours de judo pour enfants et adultes, en loisir ou comp\u00e9tition, \u00e0 partir de 5 ans ainsi que des cours de ta\u00efso, \u00e0 partir de 14 ans.<\/p>\n\n\n\n<p>Le club est situ\u00e9 \u00e0 Elven, pr\u00e8s de Vannes, dans le Morbihan.<\/p>\n\n\n\n<blockquote class=\"wp-block-quote is-layout-flow wp-block-quote-is-layout-flow\">\n<p><strong>Suivez-nous sur <a href=\"https:\/\/www.facebook.com\/elvenjudo\" data-type=\"link\" data-id=\"https:\/\/www.facebook.com\/elvenjudo\">Facebook <\/a>:<\/strong> nous publions r\u00e9guli\u00e8rement les rendez-vous, actualit\u00e9s du club.<\/p>\n\n\n\n<div class=\"wp-block-columns is-layout-flex wp-container-core-columns-is-layout-9d6595d7 wp-block-columns-is-layout-flex\">\n<div class=\"wp-block-column is-layout-flow wp-block-column-is-layout-flow\">\n<figure class=\"wp-block-image size-full\"><img fetchpriority=\"high\" decoding=\"async\" width=\"800\" height=\"600\" src=\"https:\/\/elvinoisejudo.com\/wp-content\/uploads\/2023\/08\/tournoi-vet-2023-combat1.jpg\" alt=\"\" class=\"wp-image-81\" srcset=\"https:\/\/elvinoisejudo.com\/wp-content\/uploads\/2023\/08\/tournoi-vet-2023-combat1.jpg 800w, https:\/\/elvinoisejudo.com\/wp-content\/uploads\/2023\/08\/tournoi-vet-2023-combat1-300x225.jpg 300w, https:\/\/elvinoisejudo.com\/wp-content\/uploads\/2023\/08\/tournoi-vet-2023-combat1-768x576.jpg 768w\" sizes=\"(max-width: 800px) 100vw, 800px\" \/><\/figure>\n<\/div>\n\n\n\n<div class=\"wp-block-column is-layout-flow wp-block-column-is-layout-flow\">\n<figure class=\"wp-block-image size-full\"><img decoding=\"async\" width=\"800\" height=\"600\" src=\"https:\/\/elvinoisejudo.com\/wp-content\/uploads\/2023\/08\/passage-grade.jpg\" alt=\"\" class=\"wp-image-82\" srcset=\"https:\/\/elvinoisejudo.com\/wp-content\/uploads\/2023\/08\/passage-grade.jpg 800w, https:\/\/elvinoisejudo.com\/wp-content\/uploads\/2023\/08\/passage-grade-300x225.jpg 300w, https:\/\/elvinoisejudo.com\/wp-content\/uploads\/2023\/08\/passage-grade-768x576.jpg 768w\" sizes=\"(max-width: 800px) 100vw, 800px\" \/><\/figure>\n<\/div>\n\n\n\n<div class=\"wp-block-column is-layout-flow wp-block-column-is-layout-flow\">\n<figure class=\"wp-block-image size-full\"><img decoding=\"async\" width=\"800\" height=\"600\" src=\"https:\/\/elvinoisejudo.com\/wp-content\/uploads\/2023\/08\/judo-enfant-1.jpg\" alt=\"\" class=\"wp-image-83\" srcset=\"https:\/\/elvinoisejudo.com\/wp-content\/uploads\/2023\/08\/judo-enfant-1.jpg 800w, https:\/\/elvinoisejudo.com\/wp-content\/uploads\/2023\/08\/judo-enfant-1-300x225.jpg 300w, https:\/\/elvinoisejudo.com\/wp-content\/uploads\/2023\/08\/judo-enfant-1-768x576.jpg 768w\" sizes=\"(max-width: 800px) 100vw, 800px\" \/><\/figure>\n<\/div>\n<\/div>\n<\/blockquote>\n\n\n\n<blockquote class=\"wp-block-quote is-layout-flow wp-block-quote-is-layout-flow\">\n<p><\/p>\n<\/blockquote>\n\n\n\n<p><strong>CONTACT<\/strong> &#8211; Elvinoise judo &#8211; Complexe Sportif Roger Michel, Av. Martyrs de la R\u00e9sistance, 56250 Elven<\/p>\n","protected":false},"excerpt":{"rendered":"<p>Bienvenue sur le site internet du Club Elvinoise judo.Le club propose des cours de judo pour enfants et adultes, en loisir ou comp\u00e9tition, \u00e0 partir de 5 ans ainsi que des cours de ta\u00efso, \u00e0 partir de 14 ans. Le club est situ\u00e9 \u00e0 Elven, pr\u00e8s de Vannes, dans le Morbihan. CONTACT &#8211; Elvinoise judo&hellip;&nbsp;<a href=\"https:\/\/elvinoisejudo.com\/\" rel=\"bookmark\">Read More &raquo;<span class=\"screen-reader-text\">Accueil<\/span><\/a><\/p>\n","protected":false},"author":1,"featured_media":66,"parent":0,"menu_order":0,"comment_status":"closed","ping_status":"open","template":"","meta":{"neve_meta_sidebar":"","neve_meta_container":"","neve_meta_enable_content_width":"","neve_meta_content_width":0,"neve_meta_title_alignment":"","neve_meta_author_avatar":"","neve_post_elements_order":"","neve_meta_disable_header":"","neve_meta_disable_footer":"","neve_meta_disable_title":"","footnotes":""},"class_list":["post-2","page","type-page","status-publish","has-post-thumbnail","hentry"],"yoast_head":"<!-- This site is optimized with the Yoast SEO plugin v25.7 - https:\/\/yoast.com\/wordpress\/plugins\/seo\/ -->\n<title>Accueil - ELVINOISE JUDO<\/title>\n<meta name=\"robots\" content=\"index, follow, max-snippet:-1, max-image-preview:large, max-video-preview:-1\" \/>\n<link rel=\"canonical\" href=\"https:\/\/elvinoisejudo.com\/\" \/>\n<meta property=\"og:locale\" content=\"en_US\" \/>\n<meta property=\"og:type\" content=\"article\" \/>\n<meta property=\"og:title\" content=\"Accueil - ELVINOISE JUDO\" \/>\n<meta property=\"og:description\" content=\"Bienvenue sur le site internet du Club Elvinoise judo.Le club propose des cours de judo pour enfants et adultes, en loisir ou comp\u00e9tition, \u00e0 partir de 5 ans ainsi que des cours de ta\u00efso, \u00e0 partir de 14 ans. Le club est situ\u00e9 \u00e0 Elven, pr\u00e8s de Vannes, dans le Morbihan. CONTACT &#8211; Elvinoise judo&hellip;&nbsp;Read More &raquo;Accueil\" \/>\n<meta property=\"og:url\" content=\"https:\/\/elvinoisejudo.com\/\" \/>\n<meta property=\"og:site_name\" content=\"ELVINOISE JUDO\" \/>\n<meta property=\"article:modified_time\" content=\"2025-08-27T20:10:58+00:00\" \/>\n<meta property=\"og:image\" content=\"http:\/\/elvinoisejudo.com\/wp-content\/uploads\/2023\/08\/photo-groupe-elvinoise-judo-06023.jpg\" \/>\n\t<meta property=\"og:image:width\" content=\"1400\" \/>\n\t<meta property=\"og:image:height\" content=\"428\" \/>\n\t<meta property=\"og:image:type\" content=\"image\/jpeg\" \/>\n<meta name=\"twitter:card\" content=\"summary_large_image\" \/>\n<meta name=\"twitter:label1\" content=\"Est. reading time\" \/>\n\t<meta name=\"twitter:data1\" content=\"1 minute\" \/>\n<script type=\"application\/ld+json\" class=\"yoast-schema-graph\">{\"@context\":\"https:\/\/schema.org\",\"@graph\":[{\"@type\":\"WebPage\",\"@id\":\"https:\/\/elvinoisejudo.com\/\",\"url\":\"https:\/\/elvinoisejudo.com\/\",\"name\":\"Accueil - ELVINOISE JUDO\",\"isPartOf\":{\"@id\":\"https:\/\/elvinoisejudo.com\/#website\"},\"primaryImageOfPage\":{\"@id\":\"https:\/\/elvinoisejudo.com\/#primaryimage\"},\"image\":{\"@id\":\"https:\/\/elvinoisejudo.com\/#primaryimage\"},\"thumbnailUrl\":\"https:\/\/elvinoisejudo.com\/wp-content\/uploads\/2023\/08\/photo-groupe-elvinoise-judo-06023.jpg\",\"datePublished\":\"2023-08-24T09:19:38+00:00\",\"dateModified\":\"2025-08-27T20:10:58+00:00\",\"breadcrumb\":{\"@id\":\"https:\/\/elvinoisejudo.com\/#breadcrumb\"},\"inLanguage\":\"en-US\",\"potentialAction\":[{\"@type\":\"ReadAction\",\"target\":[\"https:\/\/elvinoisejudo.com\/\"]}]},{\"@type\":\"ImageObject\",\"inLanguage\":\"en-US\",\"@id\":\"https:\/\/elvinoisejudo.com\/#primaryimage\",\"url\":\"https:\/\/elvinoisejudo.com\/wp-content\/uploads\/2023\/08\/photo-groupe-elvinoise-judo-06023.jpg\",\"contentUrl\":\"https:\/\/elvinoisejudo.com\/wp-content\/uploads\/2023\/08\/photo-groupe-elvinoise-judo-06023.jpg\",\"width\":1400,\"height\":428,\"caption\":\"groupe judokas lors des passages de grade\"},{\"@type\":\"BreadcrumbList\",\"@id\":\"https:\/\/elvinoisejudo.com\/#breadcrumb\",\"itemListElement\":[{\"@type\":\"ListItem\",\"position\":1,\"name\":\"Accueil\",\"item\":\"https:\/\/elvinoisejudo.com\/\"},{\"@type\":\"ListItem\",\"position\":2,\"name\":\"Accueil\"}]},{\"@type\":\"WebSite\",\"@id\":\"https:\/\/elvinoisejudo.com\/#website\",\"url\":\"https:\/\/elvinoisejudo.com\/\",\"name\":\"ELVINOISE JUDO\",\"description\":\"Club de judo et de ta\u00efso - Elven  (Morbihan)\",\"publisher\":{\"@id\":\"https:\/\/elvinoisejudo.com\/#organization\"},\"potentialAction\":[{\"@type\":\"SearchAction\",\"target\":{\"@type\":\"EntryPoint\",\"urlTemplate\":\"https:\/\/elvinoisejudo.com\/?s={search_term_string}\"},\"query-input\":{\"@type\":\"PropertyValueSpecification\",\"valueRequired\":true,\"valueName\":\"search_term_string\"}}],\"inLanguage\":\"en-US\"},{\"@type\":\"Organization\",\"@id\":\"https:\/\/elvinoisejudo.com\/#organization\",\"name\":\"ELVINOISE JUDO\",\"url\":\"https:\/\/elvinoisejudo.com\/\",\"logo\":{\"@type\":\"ImageObject\",\"inLanguage\":\"en-US\",\"@id\":\"https:\/\/elvinoisejudo.com\/#\/schema\/logo\/image\/\",\"url\":\"https:\/\/elvinoisejudo.com\/wp-content\/uploads\/2023\/08\/cropped-Capture-decran-2023-08-28-a-14.35.31.jpg\",\"contentUrl\":\"https:\/\/elvinoisejudo.com\/wp-content\/uploads\/2023\/08\/cropped-Capture-decran-2023-08-28-a-14.35.31.jpg\",\"width\":200,\"height\":158,\"caption\":\"ELVINOISE JUDO\"},\"image\":{\"@id\":\"https:\/\/elvinoisejudo.com\/#\/schema\/logo\/image\/\"}}]}<\/script>\n<!-- \/ Yoast SEO plugin. -->","yoast_head_json":{"title":"Accueil - ELVINOISE JUDO","robots":{"index":"index","follow":"follow","max-snippet":"max-snippet:-1","max-image-preview":"max-image-preview:large","max-video-preview":"max-video-preview:-1"},"canonical":"https:\/\/elvinoisejudo.com\/","og_locale":"en_US","og_type":"article","og_title":"Accueil - ELVINOISE JUDO","og_description":"Bienvenue sur le site internet du Club Elvinoise judo.Le club propose des cours de judo pour enfants et adultes, en loisir ou comp\u00e9tition, \u00e0 partir de 5 ans ainsi que des cours de ta\u00efso, \u00e0 partir de 14 ans. Le club est situ\u00e9 \u00e0 Elven, pr\u00e8s de Vannes, dans le Morbihan. CONTACT &#8211; Elvinoise judo&hellip;&nbsp;Read More &raquo;Accueil","og_url":"https:\/\/elvinoisejudo.com\/","og_site_name":"ELVINOISE JUDO","article_modified_time":"2025-08-27T20:10:58+00:00","og_image":[{"width":1400,"height":428,"url":"http:\/\/elvinoisejudo.com\/wp-content\/uploads\/2023\/08\/photo-groupe-elvinoise-judo-06023.jpg","type":"image\/jpeg"}],"twitter_card":"summary_large_image","twitter_misc":{"Est. reading time":"1 minute"},"schema":{"@context":"https:\/\/schema.org","@graph":[{"@type":"WebPage","@id":"https:\/\/elvinoisejudo.com\/","url":"https:\/\/elvinoisejudo.com\/","name":"Accueil - ELVINOISE JUDO","isPartOf":{"@id":"https:\/\/elvinoisejudo.com\/#website"},"primaryImageOfPage":{"@id":"https:\/\/elvinoisejudo.com\/#primaryimage"},"image":{"@id":"https:\/\/elvinoisejudo.com\/#primaryimage"},"thumbnailUrl":"https:\/\/elvinoisejudo.com\/wp-content\/uploads\/2023\/08\/photo-groupe-elvinoise-judo-06023.jpg","datePublished":"2023-08-24T09:19:38+00:00","dateModified":"2025-08-27T20:10:58+00:00","breadcrumb":{"@id":"https:\/\/elvinoisejudo.com\/#breadcrumb"},"inLanguage":"en-US","potentialAction":[{"@type":"ReadAction","target":["https:\/\/elvinoisejudo.com\/"]}]},{"@type":"ImageObject","inLanguage":"en-US","@id":"https:\/\/elvinoisejudo.com\/#primaryimage","url":"https:\/\/elvinoisejudo.com\/wp-content\/uploads\/2023\/08\/photo-groupe-elvinoise-judo-06023.jpg","contentUrl":"https:\/\/elvinoisejudo.com\/wp-content\/uploads\/2023\/08\/photo-groupe-elvinoise-judo-06023.jpg","width":1400,"height":428,"caption":"groupe judokas lors des passages de grade"},{"@type":"BreadcrumbList","@id":"https:\/\/elvinoisejudo.com\/#breadcrumb","itemListElement":[{"@type":"ListItem","position":1,"name":"Accueil","item":"https:\/\/elvinoisejudo.com\/"},{"@type":"ListItem","position":2,"name":"Accueil"}]},{"@type":"WebSite","@id":"https:\/\/elvinoisejudo.com\/#website","url":"https:\/\/elvinoisejudo.com\/","name":"ELVINOISE JUDO","description":"Club de judo et de ta\u00efso - Elven  (Morbihan)","publisher":{"@id":"https:\/\/elvinoisejudo.com\/#organization"},"potentialAction":[{"@type":"SearchAction","target":{"@type":"EntryPoint","urlTemplate":"https:\/\/elvinoisejudo.com\/?s={search_term_string}"},"query-input":{"@type":"PropertyValueSpecification","valueRequired":true,"valueName":"search_term_string"}}],"inLanguage":"en-US"},{"@type":"Organization","@id":"https:\/\/elvinoisejudo.com\/#organization","name":"ELVINOISE JUDO","url":"https:\/\/elvinoisejudo.com\/","logo":{"@type":"ImageObject","inLanguage":"en-US","@id":"https:\/\/elvinoisejudo.com\/#\/schema\/logo\/image\/","url":"https:\/\/elvinoisejudo.com\/wp-content\/uploads\/2023\/08\/cropped-Capture-decran-2023-08-28-a-14.35.31.jpg","contentUrl":"https:\/\/elvinoisejudo.com\/wp-content\/uploads\/2023\/08\/cropped-Capture-decran-2023-08-28-a-14.35.31.jpg","width":200,"height":158,"caption":"ELVINOISE JUDO"},"image":{"@id":"https:\/\/elvinoisejudo.com\/#\/schema\/logo\/image\/"}}]}},"_links":{"self":[{"href":"https:\/\/elvinoisejudo.com\/index.php\/wp-json\/wp\/v2\/pages\/2","targetHints":{"allow":["GET"]}}],"collection":[{"href":"https:\/\/elvinoisejudo.com\/index.php\/wp-json\/wp\/v2\/pages"}],"about":[{"href":"https:\/\/elvinoisejudo.com\/index.php\/wp-json\/wp\/v2\/types\/page"}],"author":[{"embeddable":true,"href":"https:\/\/elvinoisejudo.com\/index.php\/wp-json\/wp\/v2\/users\/1"}],"replies":[{"embeddable":true,"href":"https:\/\/elvinoisejudo.com\/index.php\/wp-json\/wp\/v2\/comments?post=2"}],"version-history":[{"count":5,"href":"https:\/\/elvinoisejudo.com\/index.php\/wp-json\/wp\/v2\/pages\/2\/revisions"}],"predecessor-version":[{"id":160,"href":"https:\/\/elvinoisejudo.com\/index.php\/wp-json\/wp\/v2\/pages\/2\/revisions\/160"}],"wp:featuredmedia":[{"embeddable":true,"href":"https:\/\/elvinoisejudo.com\/index.php\/wp-json\/wp\/v2\/media\/66"}],"wp:attachment":[{"href":"https:\/\/elvinoisejudo.com\/index.php\/wp-json\/wp\/v2\/media?parent=2"}],"curies":[{"name":"wp","href":"https:\/\/api.w.org\/{rel}","templated":true}]}}