{"id":168,"date":"2026-01-10T15:34:43","date_gmt":"2026-01-10T14:34:43","guid":{"rendered":"https:\/\/elvinoisejudo.com\/?page_id=168"},"modified":"2026-01-14T22:46:54","modified_gmt":"2026-01-14T21:46:54","slug":"tournoi-prejudos-et-poussins-2026","status":"publish","type":"page","link":"https:\/\/elvinoisejudo.com\/index.php\/tournoi-prejudos-et-poussins-2026\/","title":{"rendered":"Tournoi Pr\u00e9judos et Poussins 2026"},"content":{"rendered":"<p><img decoding=\"async\" src=\"http:\/\/elvinoisejudo.com\/wp-content\/uploads\/2023\/08\/LOGO_Elven-judo.jpg\" alt=\"logo Elvinoise judo\" width=\"160\" height=\"61\" \/><\/p>\n<h5 style=\"text-align: center;\">Clubs invit\u00e9s:<br \/>\nAjoncs d\u2019Or Saint Nolff, Dojo Alr\u00e9en, Dojo Gr\u00e9gam, Dojo Mauronnais, Dojo Saintannois, Etoile Sportive de Saint Av\u00e9 Judo, Judo Club Br\u00e9velais, J C 56 Monterblanc, Judo Club de Questembert, Judo Club de S\u00e9rent, Judo Club de Theix, Judo Club Josselin, Judo Golfe &amp; Co, Shugyosha Quiberon Judo, UCK Vannes Arts Martiaux et U S S\u00e9n\u00e9.<\/h5>\n<p style=\"margin-bottom: 0cm; text-align: center;\" align=\"JUSTIFY\"><b> Chers amis judokas,<br \/>\nChers amis pr\u00e9sidents,<\/b><\/p>\n<p style=\"margin-bottom: 0cm; text-align: center;\" align=\"JUSTIFY\"><b> Bonne et heureuse ann\u00e9e 2026 \u00e0 vous tous,<\/b><\/p>\n<p style=\"margin-bottom: 0cm; text-align: center;\" align=\"JUSTIFY\"><b> L\u2019Elvinoise judo organise un tournoi pour les jeunes n\u00e9(e)s entre 2016 et 2019<\/b><\/p>\n<p style=\"margin-bottom: 0cm;\" align=\"CENTER\"><b>le <\/b><u><b>samedi 31 janvier 2026<\/b><\/u><\/p>\n<p style=\"margin-bottom: 0cm;\" align=\"JUSTIFY\"><b>Il se d\u00e9roulera au dojo d\u2019Elven de 13h30 \u00e0 18h00.<\/b><\/p>\n<p style=\"margin-bottom: 0cm;\" align=\"JUSTIFY\"><b> Nous serions tr\u00e8s heureux de voir vos judokas y participer. Les inscriptions se feront sur la plateforme Helloasso.\u00a0<\/b><\/p>\n<p style=\"margin-bottom: 0cm;\" align=\"JUSTIFY\"><b> Une participation de deux euros est demand\u00e9e aux comabattant(e)s. Si le tournoi devait ne pas avoir lieu, l&#8217; Elvinoise Judo s&#8217;engage \u00e0 rembourser les engagements via le service Helloasso.<\/b><\/p>\n<p align=\"JUSTIFY\"><strong>Pour inscrire un judoka, flashez le QR Code ou cliquez dessus. ATTENTION de bien respecter les ann\u00e9es de naissance merci.<\/strong><\/p>\n<p>Inscription pour les Pr\u00e9judos (n\u00e9 en 2018 et 2019)<\/p>\n<p><a href=\"https:\/\/www.helloasso.com\/associations\/elvinoise-judo\/evenements\/tournoi-elvinoise-judo-prejudos-2026\"><br \/>\n<img fetchpriority=\"high\" decoding=\"async\" src=\"http:\/\/elvinoisejudo.com\/wp-content\/uploads\/2026\/01\/QRcodePrejudo2026-300x300.png\" sizes=\"(max-width: 300px) 100vw, 300px\" srcset=\"https:\/\/elvinoisejudo.com\/wp-content\/uploads\/2026\/01\/QRcodePrejudo2026-300x300.png 300w, https:\/\/elvinoisejudo.com\/wp-content\/uploads\/2026\/01\/QRcodePrejudo2026-150x150.png 150w, https:\/\/elvinoisejudo.com\/wp-content\/uploads\/2026\/01\/QRcodePrejudo2026.png 600w\" alt=\"\" width=\"300\" height=\"300\" \/> <\/a><\/p>\n<p>Inscriptions pour les Poussins (n\u00e9 en 2016 et 2017)<\/p>\n<p><a href=\"https:\/\/www.helloasso.com\/associations\/elvinoise-judo\/evenements\/tournoi-elvinoise-judo-poussins-2026\"><br \/>\n<img decoding=\"async\" src=\"http:\/\/elvinoisejudo.com\/wp-content\/uploads\/2026\/01\/QRcodePoussin2026-300x300.png\" sizes=\"(max-width: 300px) 100vw, 300px\" srcset=\"https:\/\/elvinoisejudo.com\/wp-content\/uploads\/2026\/01\/QRcodePoussin2026-300x300.png 300w, https:\/\/elvinoisejudo.com\/wp-content\/uploads\/2026\/01\/QRcodePoussin2026-150x150.png 150w, https:\/\/elvinoisejudo.com\/wp-content\/uploads\/2026\/01\/QRcodePoussin2026.png 600w\" alt=\"\" width=\"300\" height=\"300\" \/> <\/a><\/p>\n<p>A bient\u00f4t !<\/p>\n","protected":false},"excerpt":{"rendered":"<p>Clubs invit\u00e9s: Ajoncs d\u2019Or Saint Nolff, Dojo Alr\u00e9en, Dojo Gr\u00e9gam, Dojo Mauronnais, Dojo Saintannois, Etoile Sportive de Saint Av\u00e9 Judo, Judo Club Br\u00e9velais, J C 56 Monterblanc, Judo Club de Questembert, Judo Club de S\u00e9rent, Judo Club de Theix, Judo Club Josselin, Judo Golfe &amp; Co, Shugyosha Quiberon Judo, UCK Vannes Arts Martiaux et U&hellip;&nbsp;<a href=\"https:\/\/elvinoisejudo.com\/index.php\/tournoi-prejudos-et-poussins-2026\/\" rel=\"bookmark\">Read More &raquo;<span class=\"screen-reader-text\">Tournoi Pr\u00e9judos et Poussins 2026<\/span><\/a><\/p>\n","protected":false},"author":3,"featured_media":0,"parent":0,"menu_order":0,"comment_status":"closed","ping_status":"closed","template":"page-templates\/template-pagebuilder-full-width.php","meta":{"neve_meta_sidebar":"","neve_meta_container":"","neve_meta_enable_content_width":"","neve_meta_content_width":0,"neve_meta_title_alignment":"","neve_meta_author_avatar":"","neve_post_elements_order":"","neve_meta_disable_header":"","neve_meta_disable_footer":"","neve_meta_disable_title":"","footnotes":""},"class_list":["post-168","page","type-page","status-publish","hentry"],"yoast_head":"<!-- This site is optimized with the Yoast SEO plugin v25.7 - https:\/\/yoast.com\/wordpress\/plugins\/seo\/ -->\n<title>Tournoi Pr\u00e9judos et Poussins 2026 - ELVINOISE JUDO<\/title>\n<meta name=\"robots\" content=\"index, follow, max-snippet:-1, max-image-preview:large, max-video-preview:-1\" \/>\n<link rel=\"canonical\" href=\"https:\/\/elvinoisejudo.com\/index.php\/tournoi-prejudos-et-poussins-2026\/\" \/>\n<meta property=\"og:locale\" content=\"en_US\" \/>\n<meta property=\"og:type\" content=\"article\" \/>\n<meta property=\"og:title\" content=\"Tournoi Pr\u00e9judos et Poussins 2026 - ELVINOISE JUDO\" \/>\n<meta property=\"og:description\" content=\"Clubs invit\u00e9s: Ajoncs d\u2019Or Saint Nolff, Dojo Alr\u00e9en, Dojo Gr\u00e9gam, Dojo Mauronnais, Dojo Saintannois, Etoile Sportive de Saint Av\u00e9 Judo, Judo Club Br\u00e9velais, J C 56 Monterblanc, Judo Club de Questembert, Judo Club de S\u00e9rent, Judo Club de Theix, Judo Club Josselin, Judo Golfe &amp; Co, Shugyosha Quiberon Judo, UCK Vannes Arts Martiaux et U&hellip;&nbsp;Read More &raquo;Tournoi Pr\u00e9judos et Poussins 2026\" \/>\n<meta property=\"og:url\" content=\"https:\/\/elvinoisejudo.com\/index.php\/tournoi-prejudos-et-poussins-2026\/\" \/>\n<meta property=\"og:site_name\" content=\"ELVINOISE JUDO\" \/>\n<meta property=\"article:modified_time\" content=\"2026-01-14T21:46:54+00:00\" \/>\n<meta property=\"og:image\" content=\"http:\/\/elvinoisejudo.com\/wp-content\/uploads\/2023\/08\/LOGO_Elven-judo.jpg\" \/>\n<meta name=\"twitter:card\" content=\"summary_large_image\" \/>\n<meta name=\"twitter:label1\" content=\"Est. reading time\" \/>\n\t<meta name=\"twitter:data1\" content=\"2 minutes\" \/>\n<script type=\"application\/ld+json\" class=\"yoast-schema-graph\">{\"@context\":\"https:\/\/schema.org\",\"@graph\":[{\"@type\":\"WebPage\",\"@id\":\"https:\/\/elvinoisejudo.com\/index.php\/tournoi-prejudos-et-poussins-2026\/\",\"url\":\"https:\/\/elvinoisejudo.com\/index.php\/tournoi-prejudos-et-poussins-2026\/\",\"name\":\"Tournoi Pr\u00e9judos et Poussins 2026 - ELVINOISE JUDO\",\"isPartOf\":{\"@id\":\"https:\/\/elvinoisejudo.com\/#website\"},\"primaryImageOfPage\":{\"@id\":\"https:\/\/elvinoisejudo.com\/index.php\/tournoi-prejudos-et-poussins-2026\/#primaryimage\"},\"image\":{\"@id\":\"https:\/\/elvinoisejudo.com\/index.php\/tournoi-prejudos-et-poussins-2026\/#primaryimage\"},\"thumbnailUrl\":\"http:\/\/elvinoisejudo.com\/wp-content\/uploads\/2023\/08\/LOGO_Elven-judo.jpg\",\"datePublished\":\"2026-01-10T14:34:43+00:00\",\"dateModified\":\"2026-01-14T21:46:54+00:00\",\"breadcrumb\":{\"@id\":\"https:\/\/elvinoisejudo.com\/index.php\/tournoi-prejudos-et-poussins-2026\/#breadcrumb\"},\"inLanguage\":\"en-US\",\"potentialAction\":[{\"@type\":\"ReadAction\",\"target\":[\"https:\/\/elvinoisejudo.com\/index.php\/tournoi-prejudos-et-poussins-2026\/\"]}]},{\"@type\":\"ImageObject\",\"inLanguage\":\"en-US\",\"@id\":\"https:\/\/elvinoisejudo.com\/index.php\/tournoi-prejudos-et-poussins-2026\/#primaryimage\",\"url\":\"http:\/\/elvinoisejudo.com\/wp-content\/uploads\/2023\/08\/LOGO_Elven-judo.jpg\",\"contentUrl\":\"http:\/\/elvinoisejudo.com\/wp-content\/uploads\/2023\/08\/LOGO_Elven-judo.jpg\"},{\"@type\":\"BreadcrumbList\",\"@id\":\"https:\/\/elvinoisejudo.com\/index.php\/tournoi-prejudos-et-poussins-2026\/#breadcrumb\",\"itemListElement\":[{\"@type\":\"ListItem\",\"position\":1,\"name\":\"Accueil\",\"item\":\"https:\/\/elvinoisejudo.com\/\"},{\"@type\":\"ListItem\",\"position\":2,\"name\":\"Tournoi Pr\u00e9judos et Poussins 2026\"}]},{\"@type\":\"WebSite\",\"@id\":\"https:\/\/elvinoisejudo.com\/#website\",\"url\":\"https:\/\/elvinoisejudo.com\/\",\"name\":\"ELVINOISE JUDO\",\"description\":\"Club de judo et de ta\u00efso - Elven  (Morbihan)\",\"publisher\":{\"@id\":\"https:\/\/elvinoisejudo.com\/#organization\"},\"potentialAction\":[{\"@type\":\"SearchAction\",\"target\":{\"@type\":\"EntryPoint\",\"urlTemplate\":\"https:\/\/elvinoisejudo.com\/?s={search_term_string}\"},\"query-input\":{\"@type\":\"PropertyValueSpecification\",\"valueRequired\":true,\"valueName\":\"search_term_string\"}}],\"inLanguage\":\"en-US\"},{\"@type\":\"Organization\",\"@id\":\"https:\/\/elvinoisejudo.com\/#organization\",\"name\":\"ELVINOISE JUDO\",\"url\":\"https:\/\/elvinoisejudo.com\/\",\"logo\":{\"@type\":\"ImageObject\",\"inLanguage\":\"en-US\",\"@id\":\"https:\/\/elvinoisejudo.com\/#\/schema\/logo\/image\/\",\"url\":\"https:\/\/elvinoisejudo.com\/wp-content\/uploads\/2023\/08\/cropped-Capture-decran-2023-08-28-a-14.35.31.jpg\",\"contentUrl\":\"https:\/\/elvinoisejudo.com\/wp-content\/uploads\/2023\/08\/cropped-Capture-decran-2023-08-28-a-14.35.31.jpg\",\"width\":200,\"height\":158,\"caption\":\"ELVINOISE JUDO\"},\"image\":{\"@id\":\"https:\/\/elvinoisejudo.com\/#\/schema\/logo\/image\/\"}}]}<\/script>\n<!-- \/ Yoast SEO plugin. -->","yoast_head_json":{"title":"Tournoi Pr\u00e9judos et Poussins 2026 - ELVINOISE JUDO","robots":{"index":"index","follow":"follow","max-snippet":"max-snippet:-1","max-image-preview":"max-image-preview:large","max-video-preview":"max-video-preview:-1"},"canonical":"https:\/\/elvinoisejudo.com\/index.php\/tournoi-prejudos-et-poussins-2026\/","og_locale":"en_US","og_type":"article","og_title":"Tournoi Pr\u00e9judos et Poussins 2026 - ELVINOISE JUDO","og_description":"Clubs invit\u00e9s: Ajoncs d\u2019Or Saint Nolff, Dojo Alr\u00e9en, Dojo Gr\u00e9gam, Dojo Mauronnais, Dojo Saintannois, Etoile Sportive de Saint Av\u00e9 Judo, Judo Club Br\u00e9velais, J C 56 Monterblanc, Judo Club de Questembert, Judo Club de S\u00e9rent, Judo Club de Theix, Judo Club Josselin, Judo Golfe &amp; Co, Shugyosha Quiberon Judo, UCK Vannes Arts Martiaux et U&hellip;&nbsp;Read More &raquo;Tournoi Pr\u00e9judos et Poussins 2026","og_url":"https:\/\/elvinoisejudo.com\/index.php\/tournoi-prejudos-et-poussins-2026\/","og_site_name":"ELVINOISE JUDO","article_modified_time":"2026-01-14T21:46:54+00:00","og_image":[{"url":"http:\/\/elvinoisejudo.com\/wp-content\/uploads\/2023\/08\/LOGO_Elven-judo.jpg","type":"","width":"","height":""}],"twitter_card":"summary_large_image","twitter_misc":{"Est. reading time":"2 minutes"},"schema":{"@context":"https:\/\/schema.org","@graph":[{"@type":"WebPage","@id":"https:\/\/elvinoisejudo.com\/index.php\/tournoi-prejudos-et-poussins-2026\/","url":"https:\/\/elvinoisejudo.com\/index.php\/tournoi-prejudos-et-poussins-2026\/","name":"Tournoi Pr\u00e9judos et Poussins 2026 - ELVINOISE JUDO","isPartOf":{"@id":"https:\/\/elvinoisejudo.com\/#website"},"primaryImageOfPage":{"@id":"https:\/\/elvinoisejudo.com\/index.php\/tournoi-prejudos-et-poussins-2026\/#primaryimage"},"image":{"@id":"https:\/\/elvinoisejudo.com\/index.php\/tournoi-prejudos-et-poussins-2026\/#primaryimage"},"thumbnailUrl":"http:\/\/elvinoisejudo.com\/wp-content\/uploads\/2023\/08\/LOGO_Elven-judo.jpg","datePublished":"2026-01-10T14:34:43+00:00","dateModified":"2026-01-14T21:46:54+00:00","breadcrumb":{"@id":"https:\/\/elvinoisejudo.com\/index.php\/tournoi-prejudos-et-poussins-2026\/#breadcrumb"},"inLanguage":"en-US","potentialAction":[{"@type":"ReadAction","target":["https:\/\/elvinoisejudo.com\/index.php\/tournoi-prejudos-et-poussins-2026\/"]}]},{"@type":"ImageObject","inLanguage":"en-US","@id":"https:\/\/elvinoisejudo.com\/index.php\/tournoi-prejudos-et-poussins-2026\/#primaryimage","url":"http:\/\/elvinoisejudo.com\/wp-content\/uploads\/2023\/08\/LOGO_Elven-judo.jpg","contentUrl":"http:\/\/elvinoisejudo.com\/wp-content\/uploads\/2023\/08\/LOGO_Elven-judo.jpg"},{"@type":"BreadcrumbList","@id":"https:\/\/elvinoisejudo.com\/index.php\/tournoi-prejudos-et-poussins-2026\/#breadcrumb","itemListElement":[{"@type":"ListItem","position":1,"name":"Accueil","item":"https:\/\/elvinoisejudo.com\/"},{"@type":"ListItem","position":2,"name":"Tournoi Pr\u00e9judos et Poussins 2026"}]},{"@type":"WebSite","@id":"https:\/\/elvinoisejudo.com\/#website","url":"https:\/\/elvinoisejudo.com\/","name":"ELVINOISE JUDO","description":"Club de judo et de ta\u00efso - Elven  (Morbihan)","publisher":{"@id":"https:\/\/elvinoisejudo.com\/#organization"},"potentialAction":[{"@type":"SearchAction","target":{"@type":"EntryPoint","urlTemplate":"https:\/\/elvinoisejudo.com\/?s={search_term_string}"},"query-input":{"@type":"PropertyValueSpecification","valueRequired":true,"valueName":"search_term_string"}}],"inLanguage":"en-US"},{"@type":"Organization","@id":"https:\/\/elvinoisejudo.com\/#organization","name":"ELVINOISE JUDO","url":"https:\/\/elvinoisejudo.com\/","logo":{"@type":"ImageObject","inLanguage":"en-US","@id":"https:\/\/elvinoisejudo.com\/#\/schema\/logo\/image\/","url":"https:\/\/elvinoisejudo.com\/wp-content\/uploads\/2023\/08\/cropped-Capture-decran-2023-08-28-a-14.35.31.jpg","contentUrl":"https:\/\/elvinoisejudo.com\/wp-content\/uploads\/2023\/08\/cropped-Capture-decran-2023-08-28-a-14.35.31.jpg","width":200,"height":158,"caption":"ELVINOISE JUDO"},"image":{"@id":"https:\/\/elvinoisejudo.com\/#\/schema\/logo\/image\/"}}]}},"_links":{"self":[{"href":"https:\/\/elvinoisejudo.com\/index.php\/wp-json\/wp\/v2\/pages\/168","targetHints":{"allow":["GET"]}}],"collection":[{"href":"https:\/\/elvinoisejudo.com\/index.php\/wp-json\/wp\/v2\/pages"}],"about":[{"href":"https:\/\/elvinoisejudo.com\/index.php\/wp-json\/wp\/v2\/types\/page"}],"author":[{"embeddable":true,"href":"https:\/\/elvinoisejudo.com\/index.php\/wp-json\/wp\/v2\/users\/3"}],"replies":[{"embeddable":true,"href":"https:\/\/elvinoisejudo.com\/index.php\/wp-json\/wp\/v2\/comments?post=168"}],"version-history":[{"count":13,"href":"https:\/\/elvinoisejudo.com\/index.php\/wp-json\/wp\/v2\/pages\/168\/revisions"}],"predecessor-version":[{"id":197,"href":"https:\/\/elvinoisejudo.com\/index.php\/wp-json\/wp\/v2\/pages\/168\/revisions\/197"}],"wp:attachment":[{"href":"https:\/\/elvinoisejudo.com\/index.php\/wp-json\/wp\/v2\/media?parent=168"}],"curies":[{"name":"wp","href":"https:\/\/api.w.org\/{rel}","templated":true}]}}